{"id":143,"date":"2020-02-24T13:08:57","date_gmt":"2020-02-24T13:08:57","guid":{"rendered":"https:\/\/demosites.io\/zelle-gb\/?page_id=143"},"modified":"2025-05-21T23:56:27","modified_gmt":"2025-05-22T02:56:27","slug":"0227d-home","status":"publish","type":"page","link":"https:\/\/granadajuntas.com.br\/","title":{"rendered":"Home"},"content":{"rendered":"\n<div id=\"wp-block-themeisle-blocks-advanced-columns-d26b6b4e\" class=\"wp-block-themeisle-blocks-advanced-columns alignfull has-1-columns has-desktop-equal-layout has-tablet-equal-layout has-mobile-equal-layout has-vertical-center\"><div class=\"wp-block-themeisle-blocks-advanced-columns-overlay\"><\/div><div class=\"innerblocks-wrap\">\n<div id=\"wp-block-themeisle-blocks-advanced-column-bc8f6b49\" class=\"wp-block-themeisle-blocks-advanced-column\">\n<h1 class=\"wp-block-heading alignwide has-text-align-center has-white-color has-text-color\">VEDA\u00c7\u00c3O, ISOLA\u00c7\u00c3O INDUSTRIAL<\/h1>\n<\/div>\n<\/div><\/div>\n\n\n\n<div id=\"focus\" class=\"wp-block-themeisle-blocks-advanced-columns alignfull has-1-columns has-desktop-equal-layout has-tablet-equal-layout has-mobile-equal-layout has-vertical-unset\"><div class=\"wp-block-themeisle-blocks-advanced-columns-overlay\"><\/div><div class=\"innerblocks-wrap\">\n<div id=\"wp-block-themeisle-blocks-advanced-column-b3c846e4\" class=\"wp-block-themeisle-blocks-advanced-column\">\n<h2 class=\"wp-block-heading has-text-align-center\">Sobre N\u00f3s<\/h2>\n\n\n\n<p><\/p>\n\n\n\n<p class=\"has-text-align-center\">Somos uma empresa do segmento de veda\u00e7\u00e3o e isola\u00e7\u00e3o industrial com mais de 15 anos de experi\u00eancia, temos em nossa linha de produtos Juntas diversas, Gaxetas, Len\u00e7ol de Borrachas, Folhas de Papel\u00e3o Hidr\u00e1ulico, Placas de Ptfe e Grafite, Tecidos e Fitas para Isolamento, Chapas e Tarugos de Poliuretano e Perfis de Borrachas<\/p>\n\n\n\n<p><\/p>\n<\/div>\n<\/div><\/div>\n\n\n\n<div id=\"about\" class=\"wp-block-themeisle-blocks-advanced-columns alignfull has-1-columns has-desktop-equal-layout has-tablet-equal-layout has-mobile-equal-layout has-vertical-unset\"><div class=\"wp-block-themeisle-blocks-advanced-columns-overlay\"><\/div><div class=\"innerblocks-wrap\">\n<div id=\"wp-block-themeisle-blocks-advanced-column-b84eb7cd\" class=\"wp-block-themeisle-blocks-advanced-column\">\n<h2 class=\"wp-block-heading has-text-align-center has-white-color has-text-color\">Nossos Produtos<\/h2>\n\n\n\n<p><\/p>\n\n\n\n<div id=\"wp-block-themeisle-blocks-slider-eaf60cf3\" class=\"wp-block-themeisle-blocks-slider glide\" data-per-view=\"3\" data-gap=\"24\" data-peek=\"0\" data-autoplay=\"true\" data-height=\"200px\" data-hide-arrows=\"false\" data-transition=\"linear\"><div class=\"glide__track\" data-glide-el=\"track\"><div class=\"glide__slides\"><div class=\"wp-block-themeisle-blocks-slider-item-wrapper glide__slide\" tabindex=\"0\"><figure><img decoding=\"async\" class=\"wp-block-themeisle-blocks-slider-item\" src=\"https:\/\/granadajuntas.com.br\/wp-content\/uploads\/2024\/01\/unnamed-6.png\" alt=\"\" title=\"\" data-id=\"230\"\/><\/figure><\/div><div class=\"wp-block-themeisle-blocks-slider-item-wrapper glide__slide\" tabindex=\"0\"><figure><img decoding=\"async\" class=\"wp-block-themeisle-blocks-slider-item\" src=\"https:\/\/granadajuntas.com.br\/wp-content\/uploads\/2024\/01\/unnamed-5.png\" alt=\"\" title=\"\" data-id=\"231\"\/><\/figure><\/div><div class=\"wp-block-themeisle-blocks-slider-item-wrapper glide__slide\" tabindex=\"0\"><figure><img decoding=\"async\" class=\"wp-block-themeisle-blocks-slider-item\" src=\"https:\/\/granadajuntas.com.br\/wp-content\/uploads\/2024\/01\/unnamed-4.png\" alt=\"\" title=\"\" data-id=\"232\"\/><\/figure><\/div><div class=\"wp-block-themeisle-blocks-slider-item-wrapper glide__slide\" tabindex=\"0\"><figure><img decoding=\"async\" class=\"wp-block-themeisle-blocks-slider-item\" src=\"https:\/\/granadajuntas.com.br\/wp-content\/uploads\/2024\/01\/unnamed-3.png\" alt=\"\" title=\"\" data-id=\"233\"\/><\/figure><\/div><div class=\"wp-block-themeisle-blocks-slider-item-wrapper glide__slide\" tabindex=\"0\"><figure><img decoding=\"async\" class=\"wp-block-themeisle-blocks-slider-item\" src=\"https:\/\/granadajuntas.com.br\/wp-content\/uploads\/2024\/01\/unnamed-2.png\" alt=\"\" title=\"\" data-id=\"234\"\/><\/figure><\/div><div class=\"wp-block-themeisle-blocks-slider-item-wrapper glide__slide\" tabindex=\"0\"><figure><img decoding=\"async\" class=\"wp-block-themeisle-blocks-slider-item\" src=\"https:\/\/granadajuntas.com.br\/wp-content\/uploads\/2024\/01\/20240115_184046.jpg\" alt=\"\" title=\"\" data-id=\"267\"\/><\/figure><\/div><\/div><\/div><\/div>\n<\/div>\n<\/div><\/div>\n\n\n\n<div id=\"contact\" class=\"wp-block-themeisle-blocks-advanced-columns alignfull has-1-columns has-desktop-equal-layout has-tablet-equal-layout has-mobile-equal-layout has-vertical-unset\"><div class=\"wp-block-themeisle-blocks-advanced-columns-overlay\"><\/div><div class=\"innerblocks-wrap\">\n<div id=\"wp-block-themeisle-blocks-advanced-column-c81f51d3\" class=\"wp-block-themeisle-blocks-advanced-column has-light-bg\">\n<h1 class=\"wp-block-heading has-text-align-center has-neve-text-color-color has-text-color\">Contato<\/h1>\n\n\n\n<p class=\"has-text-align-center has-white-color has-text-color\">We are here for you, 24\/7, to help you and reply whin the hour.<\/p>\n\n\n\n<div id=\"wp-block-themeisle-blocks-form-aed2787f\" class=\"wp-block-themeisle-blocks-form\" data-option-name=\"bf9b28ff82ce323187abc5d0feb0d8f07ecd8436_aed2787f\"><form class=\"otter-form__container\">\n<div id=\"wp-block-themeisle-blocks-form-input-b3c82cc8\" class=\"wp-block-themeisle-blocks-form-input is-style-hidden-label is-style-o-c-half\"><label for=\"wp-block-themeisle-blocks-form-input-b3c82cc8-input\" class=\"otter-form-input-label\"><span class=\"otter-form-input-label__label\"><\/span><\/label><input type=\"text\" id=\"wp-block-themeisle-blocks-form-input-b3c82cc8-input\" placeholder=\"Nome\" class=\"otter-form-input\"\/><\/div>\n\n\n\n<div id=\"wp-block-themeisle-blocks-form-input-a4d9187e\" class=\"wp-block-themeisle-blocks-form-input is-style-hidden-label is-style-o-c-half\"><label for=\"wp-block-themeisle-blocks-form-input-a4d9187e-input\" class=\"otter-form-input-label\"><span class=\"otter-form-input-label__label\"><\/span><\/label><input type=\"text\" id=\"wp-block-themeisle-blocks-form-input-a4d9187e-input\" placeholder=\"Empresa\" class=\"otter-form-input\"\/><\/div>\n\n\n\n<div id=\"wp-block-themeisle-blocks-form-input-ae306451\" class=\"wp-block-themeisle-blocks-form-input is-style-hidden-label is-style-o-c-half\"><label for=\"wp-block-themeisle-blocks-form-input-ae306451-input\" class=\"otter-form-input-label\"><span class=\"otter-form-input-label__label\"><\/span><span class=\"required\">*<\/span><\/label><input type=\"email\" id=\"wp-block-themeisle-blocks-form-input-ae306451-input\" required placeholder=\"E-mail\" class=\"otter-form-input\"\/><\/div>\n\n\n\n<div id=\"wp-block-themeisle-blocks-form-input-61d71d20\" class=\"wp-block-themeisle-blocks-form-input is-style-hidden-label is-style-o-c-half\"><label for=\"wp-block-themeisle-blocks-form-input-61d71d20-input\" class=\"otter-form-input-label\"><span class=\"otter-form-input-label__label\"><\/span><\/label><input type=\"text\" id=\"wp-block-themeisle-blocks-form-input-61d71d20-input\" placeholder=\"Telefone\" class=\"otter-form-input\"\/><\/div>\n\n\n\n<div id=\"wp-block-themeisle-blocks-form-input-73f678fe\" class=\"wp-block-themeisle-blocks-form-input is-style-hidden-label\"><label for=\"wp-block-themeisle-blocks-form-input-73f678fe-input\" class=\"otter-form-input-label\"><span class=\"otter-form-input-label__label\"><\/span><\/label><input type=\"text\" id=\"wp-block-themeisle-blocks-form-input-73f678fe-input\" placeholder=\"Assunto\" class=\"otter-form-input\"\/><\/div>\n\n\n<div class=\"protection\" aria-hidden=\"true\"><input type=\"hidden\" id=\"wp-block-themeisle-blocks-form-aed2787f_nonce_field\" name=\"wp-block-themeisle-blocks-form-aed2787f_nonce_field\" value=\"85117b48b7\" \/><input type=\"hidden\" name=\"_wp_http_referer\" value=\"\/index.php\/wp-json\/wp\/v2\/pages\/143\" \/><input class=\"o-anti-bot\" type=\"checkbox\"><\/div>\n\n\n<div id=\"wp-block-themeisle-blocks-form-textarea-56ad0433\" class=\"wp-block-themeisle-blocks-form-textarea  is-style-hidden-label\"><label for=\"wp-block-themeisle-blocks-form-textarea-56ad0433-input\" class=\"otter-form-textarea-label\"><span class=\"otter-form-textarea-label__label\"><\/span><\/label><textarea id=\"wp-block-themeisle-blocks-form-textarea-56ad0433-input\" placeholder=\"Mensagem\" rows=\"10\" class=\"otter-form-textarea-input\"><\/textarea><\/div>\n\n\n\n<p class=\"has-extra-small-font-size\"><\/p>\n<div class=\"wp-block-button\"><button class=\"wp-block-button__link\" type=\"submit\">Enviar<\/button><\/div><\/form><\/div>\n<\/div>\n<\/div><\/div>\n\n\n\n<div id=\"wp-block-themeisle-blocks-advanced-columns-d2b3b50b\" class=\"wp-block-themeisle-blocks-advanced-columns alignfull has-1-columns has-desktop-equal-layout has-tablet-equal-layout has-mobile-collapsedRows-layout has-vertical-unset has-dark-bg\"><div class=\"wp-block-themeisle-blocks-advanced-columns-overlay\"><\/div><div class=\"innerblocks-wrap\">\n<div id=\"wp-block-themeisle-blocks-advanced-column-bb8db491\" class=\"wp-block-themeisle-blocks-advanced-column\">\n<p class=\"has-text-color\" style=\"color:#939393;font-size:14px\"> \u00a9 2024&nbsp;<a href=\"http:\/\/granadajuntas.com.br\">Granada Juntas<\/a><\/p>\n\n\n\n<p class=\"has-text-align-center has-text-color\" style=\"color:#939393;font-size:14px\"><\/p>\n<\/div>\n<\/div><\/div>\n","protected":false},"excerpt":{"rendered":"","protected":false},"author":1,"featured_media":0,"parent":0,"menu_order":0,"comment_status":"closed","ping_status":"closed","template":"page-templates\/template-pagebuilder-full-width.php","meta":{"neve_meta_sidebar":"full-width","neve_meta_container":"contained","neve_meta_enable_content_width":"on","neve_meta_content_width":100,"neve_meta_title_alignment":"","neve_meta_author_avatar":"","neve_post_elements_order":"","neve_meta_disable_header":"","neve_meta_disable_footer":"","neve_meta_disable_title":"","_themeisle_gutenberg_block_has_review":false,"_ti_tpc_template_sync":false,"_ti_tpc_template_id":"x28mc18g9c7mr98x4tbe","footnotes":""},"_links":{"self":[{"href":"https:\/\/granadajuntas.com.br\/index.php\/wp-json\/wp\/v2\/pages\/143"}],"collection":[{"href":"https:\/\/granadajuntas.com.br\/index.php\/wp-json\/wp\/v2\/pages"}],"about":[{"href":"https:\/\/granadajuntas.com.br\/index.php\/wp-json\/wp\/v2\/types\/page"}],"author":[{"embeddable":true,"href":"https:\/\/granadajuntas.com.br\/index.php\/wp-json\/wp\/v2\/users\/1"}],"replies":[{"embeddable":true,"href":"https:\/\/granadajuntas.com.br\/index.php\/wp-json\/wp\/v2\/comments?post=143"}],"version-history":[{"count":66,"href":"https:\/\/granadajuntas.com.br\/index.php\/wp-json\/wp\/v2\/pages\/143\/revisions"}],"predecessor-version":[{"id":272,"href":"https:\/\/granadajuntas.com.br\/index.php\/wp-json\/wp\/v2\/pages\/143\/revisions\/272"}],"wp:attachment":[{"href":"https:\/\/granadajuntas.com.br\/index.php\/wp-json\/wp\/v2\/media?parent=143"}],"curies":[{"name":"wp","href":"https:\/\/api.w.org\/{rel}","templated":true}]}}